{"id":18483,"date":"2024-02-05T16:55:47","date_gmt":"2025-11-04T09:08:55","guid":{"rendered":"https:\/\/hydro-parts.pl\/produkt\/pompa-david-brown-x1a503350335026-134406-2c\/"},"modified":"2025-11-04T10:09:40","modified_gmt":"2025-11-04T09:09:40","slug":"pump-david-brown-x1a503350335026-134406-2c","status":"publish","type":"product","link":"https:\/\/hydro-parts.pl\/en\/produkt\/pump-david-brown-x1a503350335026-134406-2c\/","title":{"rendered":"Gear pump David Brown X1A503350335026\/134406\/2C"},"content":{"rendered":"<p>Gear pump David Brown (Hydreco) X1A503350335026\/134406\/2C. Dispacement 33+33+26cm3\/rev and working pressure 250 bar (3625 psi), maximum pressure 280 bar.<\/p>\n","protected":false},"excerpt":{"rendered":"<p>Gear pump David Brown (Hydreco) X1A503350335026\/134406\/2C. Dispacement 33+33+26cm3\/rev and working pressure 250 bar (3625 psi), maximum pressure 280 bar.<\/p>\n","protected":false},"featured_media":12626,"template":"","meta":[],"product_cat":[19520,19525,19837],"product_tag":[],"acf":[],"yoast_head":"<!-- This site is optimized with the Yoast SEO plugin v21.9.1 - https:\/\/yoast.com\/wordpress\/plugins\/seo\/ -->\n<title>Gear pump David Brown (Hydreco) X1A503350335026\/134406\/2C<\/title>\n<meta name=\"description\" content=\"Gear pump David Brown (Hydreco) X1A503350335026\/134406\/2C. Dispacement 33+33+26cm3\/rev and working pressure 250 bar (3625 psi), maximum pressure 280 bar.\" \/>\n<meta name=\"robots\" content=\"index, follow, max-snippet:-1, max-image-preview:large, max-video-preview:-1\" \/>\n<link rel=\"canonical\" href=\"https:\/\/hydro-parts.pl\/produkt\/pompa-david-brown-x1a503350335026-134406-2c\/\" \/>\n<meta property=\"og:locale\" content=\"en_US\" \/>\n<meta property=\"og:type\" content=\"article\" \/>\n<meta property=\"og:title\" content=\"Gear pump David Brown (Hydreco) X1A503350335026\/134406\/2C\" \/>\n<meta property=\"og:description\" content=\"Gear pump David Brown (Hydreco) X1A503350335026\/134406\/2C. Dispacement 33+33+26cm3\/rev and working pressure 250 bar (3625 psi), maximum pressure 280 bar.\" \/>\n<meta property=\"og:url\" content=\"https:\/\/hydro-parts.pl\/produkt\/pompa-david-brown-x1a503350335026-134406-2c\/\" \/>\n<meta property=\"og:site_name\" content=\"HYDRO-PARTS.PL - Pompy i silniki hydrauliczne Rexroth, Uchida, Komatsu, Poclain, Tokyo Keiki i inne.\" \/>\n<meta property=\"article:modified_time\" content=\"2025-11-04T09:09:40+00:00\" \/>\n<meta property=\"og:image\" content=\"https:\/\/hydro-parts.pl\/wp-content\/uploads\/2024\/02\/134406.jpg\" \/>\n\t<meta property=\"og:image:width\" content=\"600\" \/>\n\t<meta property=\"og:image:height\" content=\"440\" \/>\n\t<meta property=\"og:image:type\" content=\"image\/jpeg\" \/>\n<meta name=\"twitter:card\" content=\"summary_large_image\" \/>\n<script type=\"application\/ld+json\" class=\"yoast-schema-graph\">{\"@context\":\"https:\/\/schema.org\",\"@graph\":[{\"@type\":\"WebPage\",\"@id\":\"https:\/\/hydro-parts.pl\/produkt\/pompa-david-brown-x1a503350335026-134406-2c\/\",\"url\":\"https:\/\/hydro-parts.pl\/produkt\/pompa-david-brown-x1a503350335026-134406-2c\/\",\"name\":\"Gear pump David Brown (Hydreco) X1A503350335026\/134406\/2C\",\"isPartOf\":{\"@id\":\"https:\/\/hydro-parts.pl\/#website\"},\"datePublished\":\"2025-11-04T09:08:55+00:00\",\"dateModified\":\"2025-11-04T09:09:40+00:00\",\"description\":\"Gear pump David Brown (Hydreco) X1A503350335026\/134406\/2C. Dispacement 33+33+26cm3\/rev and working pressure 250 bar (3625 psi), maximum pressure 280 bar.\",\"breadcrumb\":{\"@id\":\"https:\/\/hydro-parts.pl\/produkt\/pompa-david-brown-x1a503350335026-134406-2c\/#breadcrumb\"},\"inLanguage\":\"en-US\",\"potentialAction\":[{\"@type\":\"ReadAction\",\"target\":[\"https:\/\/hydro-parts.pl\/produkt\/pompa-david-brown-x1a503350335026-134406-2c\/\"]}]},{\"@type\":\"BreadcrumbList\",\"@id\":\"https:\/\/hydro-parts.pl\/produkt\/pompa-david-brown-x1a503350335026-134406-2c\/#breadcrumb\",\"itemListElement\":[{\"@type\":\"ListItem\",\"position\":1,\"name\":\"Strona g\u0142\u00f3wna\",\"item\":\"https:\/\/hydro-parts.pl\/en\/\"},{\"@type\":\"ListItem\",\"position\":2,\"name\":\"Shop\",\"item\":\"https:\/\/hydro-parts.pl\/en\/shop\/\"},{\"@type\":\"ListItem\",\"position\":3,\"name\":\"Gear pump David Brown X1A503350335026\/134406\/2C\"}]},{\"@type\":\"WebSite\",\"@id\":\"https:\/\/hydro-parts.pl\/#website\",\"url\":\"https:\/\/hydro-parts.pl\/\",\"name\":\"HYDRO-PARTS.PL - Pompy i silniki hydrauliczne Rexroth, Uchida, Komatsu, Poclain, Tokyo Keiki i inne.\",\"description\":\"Dostarczamy pompy i silniki hydrauliczne do wi\u0119kszo\u015bci producent\u00f3w na \u015bwiecie.\",\"potentialAction\":[{\"@type\":\"SearchAction\",\"target\":{\"@type\":\"EntryPoint\",\"urlTemplate\":\"https:\/\/hydro-parts.pl\/?s={search_term_string}\"},\"query-input\":\"required name=search_term_string\"}],\"inLanguage\":\"en-US\"}]}<\/script>\n<!-- \/ Yoast SEO plugin. -->","yoast_head_json":{"title":"Gear pump David Brown (Hydreco) X1A503350335026\/134406\/2C","description":"Gear pump David Brown (Hydreco) X1A503350335026\/134406\/2C. Dispacement 33+33+26cm3\/rev and working pressure 250 bar (3625 psi), maximum pressure 280 bar.","robots":{"index":"index","follow":"follow","max-snippet":"max-snippet:-1","max-image-preview":"max-image-preview:large","max-video-preview":"max-video-preview:-1"},"canonical":"https:\/\/hydro-parts.pl\/produkt\/pompa-david-brown-x1a503350335026-134406-2c\/","og_locale":"en_US","og_type":"article","og_title":"Gear pump David Brown (Hydreco) X1A503350335026\/134406\/2C","og_description":"Gear pump David Brown (Hydreco) X1A503350335026\/134406\/2C. Dispacement 33+33+26cm3\/rev and working pressure 250 bar (3625 psi), maximum pressure 280 bar.","og_url":"https:\/\/hydro-parts.pl\/produkt\/pompa-david-brown-x1a503350335026-134406-2c\/","og_site_name":"HYDRO-PARTS.PL - Pompy i silniki hydrauliczne Rexroth, Uchida, Komatsu, Poclain, Tokyo Keiki i inne.","article_modified_time":"2025-11-04T09:09:40+00:00","og_image":[{"width":600,"height":440,"url":"https:\/\/hydro-parts.pl\/wp-content\/uploads\/2024\/02\/134406.jpg","type":"image\/jpeg"}],"twitter_card":"summary_large_image","schema":{"@context":"https:\/\/schema.org","@graph":[{"@type":"WebPage","@id":"https:\/\/hydro-parts.pl\/produkt\/pompa-david-brown-x1a503350335026-134406-2c\/","url":"https:\/\/hydro-parts.pl\/produkt\/pompa-david-brown-x1a503350335026-134406-2c\/","name":"Gear pump David Brown (Hydreco) X1A503350335026\/134406\/2C","isPartOf":{"@id":"https:\/\/hydro-parts.pl\/#website"},"datePublished":"2025-11-04T09:08:55+00:00","dateModified":"2025-11-04T09:09:40+00:00","description":"Gear pump David Brown (Hydreco) X1A503350335026\/134406\/2C. Dispacement 33+33+26cm3\/rev and working pressure 250 bar (3625 psi), maximum pressure 280 bar.","breadcrumb":{"@id":"https:\/\/hydro-parts.pl\/produkt\/pompa-david-brown-x1a503350335026-134406-2c\/#breadcrumb"},"inLanguage":"en-US","potentialAction":[{"@type":"ReadAction","target":["https:\/\/hydro-parts.pl\/produkt\/pompa-david-brown-x1a503350335026-134406-2c\/"]}]},{"@type":"BreadcrumbList","@id":"https:\/\/hydro-parts.pl\/produkt\/pompa-david-brown-x1a503350335026-134406-2c\/#breadcrumb","itemListElement":[{"@type":"ListItem","position":1,"name":"Strona g\u0142\u00f3wna","item":"https:\/\/hydro-parts.pl\/en\/"},{"@type":"ListItem","position":2,"name":"Shop","item":"https:\/\/hydro-parts.pl\/en\/shop\/"},{"@type":"ListItem","position":3,"name":"Gear pump David Brown X1A503350335026\/134406\/2C"}]},{"@type":"WebSite","@id":"https:\/\/hydro-parts.pl\/#website","url":"https:\/\/hydro-parts.pl\/","name":"HYDRO-PARTS.PL - Pompy i silniki hydrauliczne Rexroth, Uchida, Komatsu, Poclain, Tokyo Keiki i inne.","description":"Dostarczamy pompy i silniki hydrauliczne do wi\u0119kszo\u015bci producent\u00f3w na \u015bwiecie.","potentialAction":[{"@type":"SearchAction","target":{"@type":"EntryPoint","urlTemplate":"https:\/\/hydro-parts.pl\/?s={search_term_string}"},"query-input":"required name=search_term_string"}],"inLanguage":"en-US"}]}},"_links":{"self":[{"href":"https:\/\/hydro-parts.pl\/en\/wp-json\/wp\/v2\/product\/18483"}],"collection":[{"href":"https:\/\/hydro-parts.pl\/en\/wp-json\/wp\/v2\/product"}],"about":[{"href":"https:\/\/hydro-parts.pl\/en\/wp-json\/wp\/v2\/types\/product"}],"wp:featuredmedia":[{"embeddable":true,"href":"https:\/\/hydro-parts.pl\/en\/wp-json\/wp\/v2\/media\/12626"}],"wp:attachment":[{"href":"https:\/\/hydro-parts.pl\/en\/wp-json\/wp\/v2\/media?parent=18483"}],"wp:term":[{"taxonomy":"product_cat","embeddable":true,"href":"https:\/\/hydro-parts.pl\/en\/wp-json\/wp\/v2\/product_cat?post=18483"},{"taxonomy":"product_tag","embeddable":true,"href":"https:\/\/hydro-parts.pl\/en\/wp-json\/wp\/v2\/product_tag?post=18483"}],"curies":[{"name":"wp","href":"https:\/\/api.w.org\/{rel}","templated":true}]}}