{"id":17323,"date":"2025-03-11T08:59:52","date_gmt":"2025-03-11T07:59:52","guid":{"rendered":"https:\/\/hydro-parts.pl\/produkt\/gear-pump-danfoss-111-20-276-00\/"},"modified":"2025-10-27T08:49:51","modified_gmt":"2025-10-27T07:49:51","slug":"gear-pump-danfoss-111-20-276-00","status":"publish","type":"product","link":"https:\/\/hydro-parts.pl\/en\/produkt\/gear-pump-danfoss-111-20-276-00\/","title":{"rendered":"Gear pump Danfoss 111.20.276.00"},"content":{"rendered":"<p>Gear pump Danfoss 111.20.276.00 SNP2NN\/6,0RN01BAP1F4F4NNNN\/NNNNN, displacement 6cm3\/rev, clockwise rotation, tapered shaft 1:8, flange \u00d836.5, in 1\/2&#8243;, out 1\/2&#8243;, maximum pressure 280 bar<\/p>\n","protected":false},"excerpt":{"rendered":"<p>Gear pump Danfoss 111.20.276.00 SNP2NN\/6,0RN01BAP1F4F4NNNN\/NNNNN, displacement 6cm3\/rev, clockwise rotation, tapered shaft 1:8, flange \u00d836.5, in 1\/2&#8243;, out 1\/2&#8243;, maximum pressure 280 bar<\/p>\n","protected":false},"featured_media":16313,"template":"","meta":[],"product_cat":[19520,19525,19845],"product_tag":[],"acf":[],"yoast_head":"<!-- This site is optimized with the Yoast SEO plugin v21.9.1 - https:\/\/yoast.com\/wordpress\/plugins\/seo\/ -->\n<title>Gear pump Danfoss SNP2NN\/6,0RN01BAP1F4F4NNN (111.20.276.00)<\/title>\n<meta name=\"description\" content=\"Gear pump Danfoss 111.20.276.00 SNP2NN\/6,0RN01BAP1F4F4NNNN\/NNNNN, displacement 6cm3\/rev, clockwise rotation, tapered shaft 1:8, flange \u00d836.5, in 1\/2&quot;, out 1\/2&quot;, maximum pressure 280 bar\" \/>\n<meta name=\"robots\" content=\"index, follow, max-snippet:-1, max-image-preview:large, max-video-preview:-1\" \/>\n<link rel=\"canonical\" href=\"https:\/\/hydro-parts.pl\/en\/produkt\/gear-pump-danfoss-111-20-276-00\/\" \/>\n<meta property=\"og:locale\" content=\"en_US\" \/>\n<meta property=\"og:type\" content=\"article\" \/>\n<meta property=\"og:title\" content=\"Gear pump Danfoss SNP2NN\/6,0RN01BAP1F4F4NNN (111.20.276.00)\" \/>\n<meta property=\"og:description\" content=\"Gear pump Danfoss 111.20.276.00 SNP2NN\/6,0RN01BAP1F4F4NNNN\/NNNNN, displacement 6cm3\/rev, clockwise rotation, tapered shaft 1:8, flange \u00d836.5, in 1\/2&quot;, out 1\/2&quot;, maximum pressure 280 bar\" \/>\n<meta property=\"og:url\" content=\"https:\/\/hydro-parts.pl\/en\/produkt\/gear-pump-danfoss-111-20-276-00\/\" \/>\n<meta property=\"og:site_name\" content=\"HYDRO-PARTS.PL - Pompy i silniki hydrauliczne Rexroth, Uchida, Komatsu, Poclain, Tokyo Keiki i inne.\" \/>\n<meta property=\"article:modified_time\" content=\"2025-10-27T07:49:51+00:00\" \/>\n<meta property=\"og:image\" content=\"https:\/\/hydro-parts.pl\/wp-content\/uploads\/2025\/03\/111.20.276.00.jpg\" \/>\n\t<meta property=\"og:image:width\" content=\"600\" \/>\n\t<meta property=\"og:image:height\" content=\"440\" \/>\n\t<meta property=\"og:image:type\" content=\"image\/jpeg\" \/>\n<meta name=\"twitter:card\" content=\"summary_large_image\" \/>\n<meta name=\"twitter:label1\" content=\"Est. reading time\" \/>\n\t<meta name=\"twitter:data1\" content=\"1 minute\" \/>\n<script type=\"application\/ld+json\" class=\"yoast-schema-graph\">{\"@context\":\"https:\/\/schema.org\",\"@graph\":[{\"@type\":\"WebPage\",\"@id\":\"https:\/\/hydro-parts.pl\/en\/produkt\/gear-pump-danfoss-111-20-276-00\/\",\"url\":\"https:\/\/hydro-parts.pl\/en\/produkt\/gear-pump-danfoss-111-20-276-00\/\",\"name\":\"Gear pump Danfoss SNP2NN\/6,0RN01BAP1F4F4NNN (111.20.276.00)\",\"isPartOf\":{\"@id\":\"https:\/\/hydro-parts.pl\/#website\"},\"datePublished\":\"2025-03-11T07:59:52+00:00\",\"dateModified\":\"2025-10-27T07:49:51+00:00\",\"description\":\"Gear pump Danfoss 111.20.276.00 SNP2NN\/6,0RN01BAP1F4F4NNNN\/NNNNN, displacement 6cm3\/rev, clockwise rotation, tapered shaft 1:8, flange \u00d836.5, in 1\/2\\\", out 1\/2\\\", maximum pressure 280 bar\",\"breadcrumb\":{\"@id\":\"https:\/\/hydro-parts.pl\/en\/produkt\/gear-pump-danfoss-111-20-276-00\/#breadcrumb\"},\"inLanguage\":\"en-US\",\"potentialAction\":[{\"@type\":\"ReadAction\",\"target\":[\"https:\/\/hydro-parts.pl\/en\/produkt\/gear-pump-danfoss-111-20-276-00\/\"]}]},{\"@type\":\"BreadcrumbList\",\"@id\":\"https:\/\/hydro-parts.pl\/en\/produkt\/gear-pump-danfoss-111-20-276-00\/#breadcrumb\",\"itemListElement\":[{\"@type\":\"ListItem\",\"position\":1,\"name\":\"Strona g\u0142\u00f3wna\",\"item\":\"https:\/\/hydro-parts.pl\/en\/\"},{\"@type\":\"ListItem\",\"position\":2,\"name\":\"Shop\",\"item\":\"https:\/\/hydro-parts.pl\/en\/shop\/\"},{\"@type\":\"ListItem\",\"position\":3,\"name\":\"Gear pump Danfoss 111.20.276.00\"}]},{\"@type\":\"WebSite\",\"@id\":\"https:\/\/hydro-parts.pl\/#website\",\"url\":\"https:\/\/hydro-parts.pl\/\",\"name\":\"HYDRO-PARTS.PL - Pompy i silniki hydrauliczne Rexroth, Uchida, Komatsu, Poclain, Tokyo Keiki i inne.\",\"description\":\"Dostarczamy pompy i silniki hydrauliczne do wi\u0119kszo\u015bci producent\u00f3w na \u015bwiecie.\",\"potentialAction\":[{\"@type\":\"SearchAction\",\"target\":{\"@type\":\"EntryPoint\",\"urlTemplate\":\"https:\/\/hydro-parts.pl\/?s={search_term_string}\"},\"query-input\":\"required name=search_term_string\"}],\"inLanguage\":\"en-US\"}]}<\/script>\n<!-- \/ Yoast SEO plugin. -->","yoast_head_json":{"title":"Gear pump Danfoss SNP2NN\/6,0RN01BAP1F4F4NNN (111.20.276.00)","description":"Gear pump Danfoss 111.20.276.00 SNP2NN\/6,0RN01BAP1F4F4NNNN\/NNNNN, displacement 6cm3\/rev, clockwise rotation, tapered shaft 1:8, flange \u00d836.5, in 1\/2\", out 1\/2\", maximum pressure 280 bar","robots":{"index":"index","follow":"follow","max-snippet":"max-snippet:-1","max-image-preview":"max-image-preview:large","max-video-preview":"max-video-preview:-1"},"canonical":"https:\/\/hydro-parts.pl\/en\/produkt\/gear-pump-danfoss-111-20-276-00\/","og_locale":"en_US","og_type":"article","og_title":"Gear pump Danfoss SNP2NN\/6,0RN01BAP1F4F4NNN (111.20.276.00)","og_description":"Gear pump Danfoss 111.20.276.00 SNP2NN\/6,0RN01BAP1F4F4NNNN\/NNNNN, displacement 6cm3\/rev, clockwise rotation, tapered shaft 1:8, flange \u00d836.5, in 1\/2\", out 1\/2\", maximum pressure 280 bar","og_url":"https:\/\/hydro-parts.pl\/en\/produkt\/gear-pump-danfoss-111-20-276-00\/","og_site_name":"HYDRO-PARTS.PL - Pompy i silniki hydrauliczne Rexroth, Uchida, Komatsu, Poclain, Tokyo Keiki i inne.","article_modified_time":"2025-10-27T07:49:51+00:00","og_image":[{"width":600,"height":440,"url":"https:\/\/hydro-parts.pl\/wp-content\/uploads\/2025\/03\/111.20.276.00.jpg","type":"image\/jpeg"}],"twitter_card":"summary_large_image","twitter_misc":{"Est. reading time":"1 minute"},"schema":{"@context":"https:\/\/schema.org","@graph":[{"@type":"WebPage","@id":"https:\/\/hydro-parts.pl\/en\/produkt\/gear-pump-danfoss-111-20-276-00\/","url":"https:\/\/hydro-parts.pl\/en\/produkt\/gear-pump-danfoss-111-20-276-00\/","name":"Gear pump Danfoss SNP2NN\/6,0RN01BAP1F4F4NNN (111.20.276.00)","isPartOf":{"@id":"https:\/\/hydro-parts.pl\/#website"},"datePublished":"2025-03-11T07:59:52+00:00","dateModified":"2025-10-27T07:49:51+00:00","description":"Gear pump Danfoss 111.20.276.00 SNP2NN\/6,0RN01BAP1F4F4NNNN\/NNNNN, displacement 6cm3\/rev, clockwise rotation, tapered shaft 1:8, flange \u00d836.5, in 1\/2\", out 1\/2\", maximum pressure 280 bar","breadcrumb":{"@id":"https:\/\/hydro-parts.pl\/en\/produkt\/gear-pump-danfoss-111-20-276-00\/#breadcrumb"},"inLanguage":"en-US","potentialAction":[{"@type":"ReadAction","target":["https:\/\/hydro-parts.pl\/en\/produkt\/gear-pump-danfoss-111-20-276-00\/"]}]},{"@type":"BreadcrumbList","@id":"https:\/\/hydro-parts.pl\/en\/produkt\/gear-pump-danfoss-111-20-276-00\/#breadcrumb","itemListElement":[{"@type":"ListItem","position":1,"name":"Strona g\u0142\u00f3wna","item":"https:\/\/hydro-parts.pl\/en\/"},{"@type":"ListItem","position":2,"name":"Shop","item":"https:\/\/hydro-parts.pl\/en\/shop\/"},{"@type":"ListItem","position":3,"name":"Gear pump Danfoss 111.20.276.00"}]},{"@type":"WebSite","@id":"https:\/\/hydro-parts.pl\/#website","url":"https:\/\/hydro-parts.pl\/","name":"HYDRO-PARTS.PL - Pompy i silniki hydrauliczne Rexroth, Uchida, Komatsu, Poclain, Tokyo Keiki i inne.","description":"Dostarczamy pompy i silniki hydrauliczne do wi\u0119kszo\u015bci producent\u00f3w na \u015bwiecie.","potentialAction":[{"@type":"SearchAction","target":{"@type":"EntryPoint","urlTemplate":"https:\/\/hydro-parts.pl\/?s={search_term_string}"},"query-input":"required name=search_term_string"}],"inLanguage":"en-US"}]}},"_links":{"self":[{"href":"https:\/\/hydro-parts.pl\/en\/wp-json\/wp\/v2\/product\/17323"}],"collection":[{"href":"https:\/\/hydro-parts.pl\/en\/wp-json\/wp\/v2\/product"}],"about":[{"href":"https:\/\/hydro-parts.pl\/en\/wp-json\/wp\/v2\/types\/product"}],"wp:featuredmedia":[{"embeddable":true,"href":"https:\/\/hydro-parts.pl\/en\/wp-json\/wp\/v2\/media\/16313"}],"wp:attachment":[{"href":"https:\/\/hydro-parts.pl\/en\/wp-json\/wp\/v2\/media?parent=17323"}],"wp:term":[{"taxonomy":"product_cat","embeddable":true,"href":"https:\/\/hydro-parts.pl\/en\/wp-json\/wp\/v2\/product_cat?post=17323"},{"taxonomy":"product_tag","embeddable":true,"href":"https:\/\/hydro-parts.pl\/en\/wp-json\/wp\/v2\/product_tag?post=17323"}],"curies":[{"name":"wp","href":"https:\/\/api.w.org\/{rel}","templated":true}]}}