{"id":17322,"date":"2024-01-24T08:13:50","date_gmt":"2025-10-24T12:40:51","guid":{"rendered":"https:\/\/hydro-parts.pl\/produkt\/pompa-yuken-seria-pv2r\/"},"modified":"2025-10-24T14:41:44","modified_gmt":"2025-10-24T12:41:44","slug":"vane-pump-yuken-seria-pv2r","status":"publish","type":"product","link":"https:\/\/hydro-parts.pl\/en\/produkt\/vane-pump-yuken-seria-pv2r\/","title":{"rendered":"Vane pump Yuken Series PV2R"},"content":{"rendered":"<p>We offer spare parts for vane pump Yuken PV2R series.<\/p>\n","protected":false},"excerpt":{"rendered":"<p>We offer spare parts for vane pump Yuken PV2R series.<\/p>\n","protected":false},"featured_media":12397,"template":"","meta":[],"product_cat":[19520,19522,19861],"product_tag":[],"acf":[],"yoast_head":"<!-- This site is optimized with the Yoast SEO plugin v21.9.1 - https:\/\/yoast.com\/wordpress\/plugins\/seo\/ -->\n<title>Vane pump Yuken Series PV2R - spare parts and repair<\/title>\n<meta name=\"description\" content=\"Vane pump Yuken Seria PV2R models PV2R1, PV2R2, PV2R3, PV2R4, PV2R4A, PV2R12, PV2R13, PV2R23, PV2R33, PV2R14, PV2R24, PV2R34, PV2R24A, PV2R34A.\" \/>\n<meta name=\"robots\" content=\"index, follow, max-snippet:-1, max-image-preview:large, max-video-preview:-1\" \/>\n<link rel=\"canonical\" href=\"https:\/\/hydro-parts.pl\/produkt\/pompa-yuken-seria-pv2r\/\" \/>\n<meta property=\"og:locale\" content=\"en_US\" \/>\n<meta property=\"og:type\" content=\"article\" \/>\n<meta property=\"og:title\" content=\"Vane pump Yuken Series PV2R - spare parts and repair\" \/>\n<meta property=\"og:description\" content=\"Vane pump Yuken Seria PV2R models PV2R1, PV2R2, PV2R3, PV2R4, PV2R4A, PV2R12, PV2R13, PV2R23, PV2R33, PV2R14, PV2R24, PV2R34, PV2R24A, PV2R34A.\" \/>\n<meta property=\"og:url\" content=\"https:\/\/hydro-parts.pl\/produkt\/pompa-yuken-seria-pv2r\/\" \/>\n<meta property=\"og:site_name\" content=\"HYDRO-PARTS.PL - Pompy i silniki hydrauliczne Rexroth, Uchida, Komatsu, Poclain, Tokyo Keiki i inne.\" \/>\n<meta property=\"article:modified_time\" content=\"2025-10-24T12:41:44+00:00\" \/>\n<meta property=\"og:image\" content=\"https:\/\/hydro-parts.pl\/wp-content\/uploads\/2024\/01\/yuken_vane_pump_PV2R.jpg\" \/>\n\t<meta property=\"og:image:width\" content=\"600\" \/>\n\t<meta property=\"og:image:height\" content=\"440\" \/>\n\t<meta property=\"og:image:type\" content=\"image\/jpeg\" \/>\n<meta name=\"twitter:card\" content=\"summary_large_image\" \/>\n<script type=\"application\/ld+json\" class=\"yoast-schema-graph\">{\"@context\":\"https:\/\/schema.org\",\"@graph\":[{\"@type\":\"WebPage\",\"@id\":\"https:\/\/hydro-parts.pl\/produkt\/pompa-yuken-seria-pv2r\/\",\"url\":\"https:\/\/hydro-parts.pl\/produkt\/pompa-yuken-seria-pv2r\/\",\"name\":\"Vane pump Yuken Series PV2R - spare parts and repair\",\"isPartOf\":{\"@id\":\"https:\/\/hydro-parts.pl\/#website\"},\"datePublished\":\"2025-10-24T12:40:51+00:00\",\"dateModified\":\"2025-10-24T12:41:44+00:00\",\"description\":\"Vane pump Yuken Seria PV2R models PV2R1, PV2R2, PV2R3, PV2R4, PV2R4A, PV2R12, PV2R13, PV2R23, PV2R33, PV2R14, PV2R24, PV2R34, PV2R24A, PV2R34A.\",\"breadcrumb\":{\"@id\":\"https:\/\/hydro-parts.pl\/produkt\/pompa-yuken-seria-pv2r\/#breadcrumb\"},\"inLanguage\":\"en-US\",\"potentialAction\":[{\"@type\":\"ReadAction\",\"target\":[\"https:\/\/hydro-parts.pl\/produkt\/pompa-yuken-seria-pv2r\/\"]}]},{\"@type\":\"BreadcrumbList\",\"@id\":\"https:\/\/hydro-parts.pl\/produkt\/pompa-yuken-seria-pv2r\/#breadcrumb\",\"itemListElement\":[{\"@type\":\"ListItem\",\"position\":1,\"name\":\"Strona g\u0142\u00f3wna\",\"item\":\"https:\/\/hydro-parts.pl\/en\/\"},{\"@type\":\"ListItem\",\"position\":2,\"name\":\"Shop\",\"item\":\"https:\/\/hydro-parts.pl\/en\/shop\/\"},{\"@type\":\"ListItem\",\"position\":3,\"name\":\"Vane pump Yuken Series PV2R\"}]},{\"@type\":\"WebSite\",\"@id\":\"https:\/\/hydro-parts.pl\/#website\",\"url\":\"https:\/\/hydro-parts.pl\/\",\"name\":\"HYDRO-PARTS.PL - Pompy i silniki hydrauliczne Rexroth, Uchida, Komatsu, Poclain, Tokyo Keiki i inne.\",\"description\":\"Dostarczamy pompy i silniki hydrauliczne do wi\u0119kszo\u015bci producent\u00f3w na \u015bwiecie.\",\"potentialAction\":[{\"@type\":\"SearchAction\",\"target\":{\"@type\":\"EntryPoint\",\"urlTemplate\":\"https:\/\/hydro-parts.pl\/?s={search_term_string}\"},\"query-input\":\"required name=search_term_string\"}],\"inLanguage\":\"en-US\"}]}<\/script>\n<!-- \/ Yoast SEO plugin. -->","yoast_head_json":{"title":"Vane pump Yuken Series PV2R - spare parts and repair","description":"Vane pump Yuken Seria PV2R models PV2R1, PV2R2, PV2R3, PV2R4, PV2R4A, PV2R12, PV2R13, PV2R23, PV2R33, PV2R14, PV2R24, PV2R34, PV2R24A, PV2R34A.","robots":{"index":"index","follow":"follow","max-snippet":"max-snippet:-1","max-image-preview":"max-image-preview:large","max-video-preview":"max-video-preview:-1"},"canonical":"https:\/\/hydro-parts.pl\/produkt\/pompa-yuken-seria-pv2r\/","og_locale":"en_US","og_type":"article","og_title":"Vane pump Yuken Series PV2R - spare parts and repair","og_description":"Vane pump Yuken Seria PV2R models PV2R1, PV2R2, PV2R3, PV2R4, PV2R4A, PV2R12, PV2R13, PV2R23, PV2R33, PV2R14, PV2R24, PV2R34, PV2R24A, PV2R34A.","og_url":"https:\/\/hydro-parts.pl\/produkt\/pompa-yuken-seria-pv2r\/","og_site_name":"HYDRO-PARTS.PL - Pompy i silniki hydrauliczne Rexroth, Uchida, Komatsu, Poclain, Tokyo Keiki i inne.","article_modified_time":"2025-10-24T12:41:44+00:00","og_image":[{"width":600,"height":440,"url":"https:\/\/hydro-parts.pl\/wp-content\/uploads\/2024\/01\/yuken_vane_pump_PV2R.jpg","type":"image\/jpeg"}],"twitter_card":"summary_large_image","schema":{"@context":"https:\/\/schema.org","@graph":[{"@type":"WebPage","@id":"https:\/\/hydro-parts.pl\/produkt\/pompa-yuken-seria-pv2r\/","url":"https:\/\/hydro-parts.pl\/produkt\/pompa-yuken-seria-pv2r\/","name":"Vane pump Yuken Series PV2R - spare parts and repair","isPartOf":{"@id":"https:\/\/hydro-parts.pl\/#website"},"datePublished":"2025-10-24T12:40:51+00:00","dateModified":"2025-10-24T12:41:44+00:00","description":"Vane pump Yuken Seria PV2R models PV2R1, PV2R2, PV2R3, PV2R4, PV2R4A, PV2R12, PV2R13, PV2R23, PV2R33, PV2R14, PV2R24, PV2R34, PV2R24A, PV2R34A.","breadcrumb":{"@id":"https:\/\/hydro-parts.pl\/produkt\/pompa-yuken-seria-pv2r\/#breadcrumb"},"inLanguage":"en-US","potentialAction":[{"@type":"ReadAction","target":["https:\/\/hydro-parts.pl\/produkt\/pompa-yuken-seria-pv2r\/"]}]},{"@type":"BreadcrumbList","@id":"https:\/\/hydro-parts.pl\/produkt\/pompa-yuken-seria-pv2r\/#breadcrumb","itemListElement":[{"@type":"ListItem","position":1,"name":"Strona g\u0142\u00f3wna","item":"https:\/\/hydro-parts.pl\/en\/"},{"@type":"ListItem","position":2,"name":"Shop","item":"https:\/\/hydro-parts.pl\/en\/shop\/"},{"@type":"ListItem","position":3,"name":"Vane pump Yuken Series PV2R"}]},{"@type":"WebSite","@id":"https:\/\/hydro-parts.pl\/#website","url":"https:\/\/hydro-parts.pl\/","name":"HYDRO-PARTS.PL - Pompy i silniki hydrauliczne Rexroth, Uchida, Komatsu, Poclain, Tokyo Keiki i inne.","description":"Dostarczamy pompy i silniki hydrauliczne do wi\u0119kszo\u015bci producent\u00f3w na \u015bwiecie.","potentialAction":[{"@type":"SearchAction","target":{"@type":"EntryPoint","urlTemplate":"https:\/\/hydro-parts.pl\/?s={search_term_string}"},"query-input":"required name=search_term_string"}],"inLanguage":"en-US"}]}},"_links":{"self":[{"href":"https:\/\/hydro-parts.pl\/en\/wp-json\/wp\/v2\/product\/17322"}],"collection":[{"href":"https:\/\/hydro-parts.pl\/en\/wp-json\/wp\/v2\/product"}],"about":[{"href":"https:\/\/hydro-parts.pl\/en\/wp-json\/wp\/v2\/types\/product"}],"wp:featuredmedia":[{"embeddable":true,"href":"https:\/\/hydro-parts.pl\/en\/wp-json\/wp\/v2\/media\/12397"}],"wp:attachment":[{"href":"https:\/\/hydro-parts.pl\/en\/wp-json\/wp\/v2\/media?parent=17322"}],"wp:term":[{"taxonomy":"product_cat","embeddable":true,"href":"https:\/\/hydro-parts.pl\/en\/wp-json\/wp\/v2\/product_cat?post=17322"},{"taxonomy":"product_tag","embeddable":true,"href":"https:\/\/hydro-parts.pl\/en\/wp-json\/wp\/v2\/product_tag?post=17322"}],"curies":[{"name":"wp","href":"https:\/\/api.w.org\/{rel}","templated":true}]}}