{"id":17311,"date":"2024-01-23T10:11:45","date_gmt":"2025-10-24T12:40:51","guid":{"rendered":"https:\/\/hydro-parts.pl\/produkt\/pompa-denison-seria-t6\/"},"modified":"2025-10-24T14:41:02","modified_gmt":"2025-10-24T12:41:02","slug":"vane-pump-denison-seria-t6","status":"publish","type":"product","link":"https:\/\/hydro-parts.pl\/en\/produkt\/vane-pump-denison-seria-t6\/","title":{"rendered":"Vane pump Denison Series T6"},"content":{"rendered":"<p>We offer spare parts for vane pump Denison Series T6<\/p>\n","protected":false},"excerpt":{"rendered":"<p>We offer spare parts for vane pump Denison Series T6<\/p>\n","protected":false},"featured_media":12385,"template":"","meta":[],"product_cat":[19520,19522,19855],"product_tag":[21032,21033,21034,21035,21036,21037,21038,21039,21040,21041,21042,21043,21044,21045,21046,21047,21048,21049,21050,21051,21052,21053,21054,21055,21056,21057,21058,21059,21060,21061,21062,21063,21064,21065,21066,21067,21068,21069,21070,21071,21072,21073,21074,21075,21076,21077,21078,21079,21080,21081,21082,21083,21084,21085,21086,21087,21088,21089,21090,21091,21092,21093,21094,21095,21096,21097,21098,21099,21100,21101,21102,21103,21104,21105,21106,21107,21108,21109,21110,21111,21112,21113,21114,21115,21116,21117,21118,21119,21120,21121,21122,21123,21124,21125,21126,21127,21128,21129,21130,21131,21132,21133,21134,21135,21136,21137,21138,21139,21140,21141,21142,21143,21144,21145,21146,21147,21148,21149,21150,21151,21152,21153,21154,21155,21156,21157,21158,21159,21160,21161,21162,21163,21164,21165,21166,21167,21168,21169,21170,21171,21172,21173,21174,21175,21176,21177,21178,21179,21180,21181,21182,21183,21184,21185,21186,21187,21188,21189,21190,21191,21192,21193,21194,21195,21196,21197,21198,21199,21200,21201,21202,21203,21204,21205,21206,21207,21208,21209,21210,21211,21212,21213,21214,21215,21216,21217,21218,21219,21220,21221,21222,21223,21224,21225,21226,21227,21228,21229,21230,21231,21232,21233,21234,21235,21236,21237,21238,21239,21240,21241,21242,21243,21244,21245,21246,21247,21248,21249,21250,21251,21252,21253,21254,21255,21256,21257,21258,21259,21260,21261,21262,21263,21264,21265,21266,21267,21268,21269,21270,21271,21272,21273,21274,21275,21276,21277,21278,21279,21280,21281,21282,21283,21284,21285,21286,21287,21288,21289,21290,21291,21292,21293,21294,21295,21296,21297,21298,21299,21300,21301,21302,21303],"acf":[],"yoast_head":"<!-- This site is optimized with the Yoast SEO plugin v21.9.1 - https:\/\/yoast.com\/wordpress\/plugins\/seo\/ -->\n<title>Vane pump Denison Series T6 - spare parts and repair<\/title>\n<meta name=\"robots\" content=\"index, follow, max-snippet:-1, max-image-preview:large, max-video-preview:-1\" \/>\n<link rel=\"canonical\" href=\"https:\/\/hydro-parts.pl\/produkt\/pompa-denison-seria-t6\/\" \/>\n<meta property=\"og:locale\" content=\"en_US\" \/>\n<meta property=\"og:type\" content=\"article\" \/>\n<meta property=\"og:title\" content=\"Vane pump Denison Series T6 - spare parts and repair\" \/>\n<meta property=\"og:description\" content=\"We offer spare parts for vane pump Denison Series T6\" \/>\n<meta property=\"og:url\" content=\"https:\/\/hydro-parts.pl\/produkt\/pompa-denison-seria-t6\/\" \/>\n<meta property=\"og:site_name\" content=\"HYDRO-PARTS.PL - Pompy i silniki hydrauliczne Rexroth, Uchida, Komatsu, Poclain, Tokyo Keiki i inne.\" \/>\n<meta property=\"article:modified_time\" content=\"2025-10-24T12:41:02+00:00\" \/>\n<meta property=\"og:image\" content=\"https:\/\/hydro-parts.pl\/wp-content\/uploads\/2024\/01\/denison_vane_pump.jpg\" \/>\n\t<meta property=\"og:image:width\" content=\"600\" \/>\n\t<meta property=\"og:image:height\" content=\"440\" \/>\n\t<meta property=\"og:image:type\" content=\"image\/jpeg\" \/>\n<meta name=\"twitter:card\" content=\"summary_large_image\" \/>\n<script type=\"application\/ld+json\" class=\"yoast-schema-graph\">{\"@context\":\"https:\/\/schema.org\",\"@graph\":[{\"@type\":\"WebPage\",\"@id\":\"https:\/\/hydro-parts.pl\/produkt\/pompa-denison-seria-t6\/\",\"url\":\"https:\/\/hydro-parts.pl\/produkt\/pompa-denison-seria-t6\/\",\"name\":\"Vane pump Denison Series T6 - spare parts and repair\",\"isPartOf\":{\"@id\":\"https:\/\/hydro-parts.pl\/#website\"},\"datePublished\":\"2025-10-24T12:40:51+00:00\",\"dateModified\":\"2025-10-24T12:41:02+00:00\",\"breadcrumb\":{\"@id\":\"https:\/\/hydro-parts.pl\/produkt\/pompa-denison-seria-t6\/#breadcrumb\"},\"inLanguage\":\"en-US\",\"potentialAction\":[{\"@type\":\"ReadAction\",\"target\":[\"https:\/\/hydro-parts.pl\/produkt\/pompa-denison-seria-t6\/\"]}]},{\"@type\":\"BreadcrumbList\",\"@id\":\"https:\/\/hydro-parts.pl\/produkt\/pompa-denison-seria-t6\/#breadcrumb\",\"itemListElement\":[{\"@type\":\"ListItem\",\"position\":1,\"name\":\"Strona g\u0142\u00f3wna\",\"item\":\"https:\/\/hydro-parts.pl\/en\/\"},{\"@type\":\"ListItem\",\"position\":2,\"name\":\"Shop\",\"item\":\"https:\/\/hydro-parts.pl\/en\/shop\/\"},{\"@type\":\"ListItem\",\"position\":3,\"name\":\"Vane pump Denison Series T6\"}]},{\"@type\":\"WebSite\",\"@id\":\"https:\/\/hydro-parts.pl\/#website\",\"url\":\"https:\/\/hydro-parts.pl\/\",\"name\":\"HYDRO-PARTS.PL - Pompy i silniki hydrauliczne Rexroth, Uchida, Komatsu, Poclain, Tokyo Keiki i inne.\",\"description\":\"Dostarczamy pompy i silniki hydrauliczne do wi\u0119kszo\u015bci producent\u00f3w na \u015bwiecie.\",\"potentialAction\":[{\"@type\":\"SearchAction\",\"target\":{\"@type\":\"EntryPoint\",\"urlTemplate\":\"https:\/\/hydro-parts.pl\/?s={search_term_string}\"},\"query-input\":\"required name=search_term_string\"}],\"inLanguage\":\"en-US\"}]}<\/script>\n<!-- \/ Yoast SEO plugin. -->","yoast_head_json":{"title":"Vane pump Denison Series T6 - spare parts and repair","robots":{"index":"index","follow":"follow","max-snippet":"max-snippet:-1","max-image-preview":"max-image-preview:large","max-video-preview":"max-video-preview:-1"},"canonical":"https:\/\/hydro-parts.pl\/produkt\/pompa-denison-seria-t6\/","og_locale":"en_US","og_type":"article","og_title":"Vane pump Denison Series T6 - spare parts and repair","og_description":"We offer spare parts for vane pump Denison Series T6","og_url":"https:\/\/hydro-parts.pl\/produkt\/pompa-denison-seria-t6\/","og_site_name":"HYDRO-PARTS.PL - Pompy i silniki hydrauliczne Rexroth, Uchida, Komatsu, Poclain, Tokyo Keiki i inne.","article_modified_time":"2025-10-24T12:41:02+00:00","og_image":[{"width":600,"height":440,"url":"https:\/\/hydro-parts.pl\/wp-content\/uploads\/2024\/01\/denison_vane_pump.jpg","type":"image\/jpeg"}],"twitter_card":"summary_large_image","schema":{"@context":"https:\/\/schema.org","@graph":[{"@type":"WebPage","@id":"https:\/\/hydro-parts.pl\/produkt\/pompa-denison-seria-t6\/","url":"https:\/\/hydro-parts.pl\/produkt\/pompa-denison-seria-t6\/","name":"Vane pump Denison Series T6 - spare parts and repair","isPartOf":{"@id":"https:\/\/hydro-parts.pl\/#website"},"datePublished":"2025-10-24T12:40:51+00:00","dateModified":"2025-10-24T12:41:02+00:00","breadcrumb":{"@id":"https:\/\/hydro-parts.pl\/produkt\/pompa-denison-seria-t6\/#breadcrumb"},"inLanguage":"en-US","potentialAction":[{"@type":"ReadAction","target":["https:\/\/hydro-parts.pl\/produkt\/pompa-denison-seria-t6\/"]}]},{"@type":"BreadcrumbList","@id":"https:\/\/hydro-parts.pl\/produkt\/pompa-denison-seria-t6\/#breadcrumb","itemListElement":[{"@type":"ListItem","position":1,"name":"Strona g\u0142\u00f3wna","item":"https:\/\/hydro-parts.pl\/en\/"},{"@type":"ListItem","position":2,"name":"Shop","item":"https:\/\/hydro-parts.pl\/en\/shop\/"},{"@type":"ListItem","position":3,"name":"Vane pump Denison Series T6"}]},{"@type":"WebSite","@id":"https:\/\/hydro-parts.pl\/#website","url":"https:\/\/hydro-parts.pl\/","name":"HYDRO-PARTS.PL - Pompy i silniki hydrauliczne Rexroth, Uchida, Komatsu, Poclain, Tokyo Keiki i inne.","description":"Dostarczamy pompy i silniki hydrauliczne do wi\u0119kszo\u015bci producent\u00f3w na \u015bwiecie.","potentialAction":[{"@type":"SearchAction","target":{"@type":"EntryPoint","urlTemplate":"https:\/\/hydro-parts.pl\/?s={search_term_string}"},"query-input":"required name=search_term_string"}],"inLanguage":"en-US"}]}},"_links":{"self":[{"href":"https:\/\/hydro-parts.pl\/en\/wp-json\/wp\/v2\/product\/17311"}],"collection":[{"href":"https:\/\/hydro-parts.pl\/en\/wp-json\/wp\/v2\/product"}],"about":[{"href":"https:\/\/hydro-parts.pl\/en\/wp-json\/wp\/v2\/types\/product"}],"wp:featuredmedia":[{"embeddable":true,"href":"https:\/\/hydro-parts.pl\/en\/wp-json\/wp\/v2\/media\/12385"}],"wp:attachment":[{"href":"https:\/\/hydro-parts.pl\/en\/wp-json\/wp\/v2\/media?parent=17311"}],"wp:term":[{"taxonomy":"product_cat","embeddable":true,"href":"https:\/\/hydro-parts.pl\/en\/wp-json\/wp\/v2\/product_cat?post=17311"},{"taxonomy":"product_tag","embeddable":true,"href":"https:\/\/hydro-parts.pl\/en\/wp-json\/wp\/v2\/product_tag?post=17311"}],"curies":[{"name":"wp","href":"https:\/\/api.w.org\/{rel}","templated":true}]}}