{"id":17176,"date":"2023-12-21T16:35:49","date_gmt":"2025-10-31T07:29:43","guid":{"rendered":"https:\/\/hydro-parts.pl\/produkt\/pompa-omfb-10800502817\/"},"modified":"2025-10-31T08:29:57","modified_gmt":"2025-10-31T07:29:57","slug":"pump-omfb-10800502817","status":"publish","type":"product","link":"https:\/\/hydro-parts.pl\/en\/produkt\/pump-omfb-10800502817\/","title":{"rendered":"Piston pump OMFB 10800502817"},"content":{"rendered":"<p>Piston pump OMFB 10800502817, series DARK SERIES, type DARK-28, displacement 27cm3\/rev, max pressure 350 bar, two-way direction, weight 13.8kg.<\/p>\n","protected":false},"excerpt":{"rendered":"<p>Piston pump OMFB 10800502817, series DARK SERIES, type DARK-28, displacement 27cm3\/rev, max pressure 350 bar, two-way direction, weight 13.8kg.<\/p>\n","protected":false},"featured_media":11982,"template":"","meta":[],"product_cat":[19520,19521,19794],"product_tag":[],"acf":[],"yoast_head":"<!-- This site is optimized with the Yoast SEO plugin v21.9.1 - https:\/\/yoast.com\/wordpress\/plugins\/seo\/ -->\n<title>Pump OMFB 10800502817 - HYDRO-PARTS.PL<\/title>\n<meta name=\"description\" content=\"Piston pump OMFB 10800502817, series DARK SERIES, type DARK-28, displacement 27cm3\/rev, max pressure 350 bar, two-way direction, weight 13.8kg.\" \/>\n<meta name=\"robots\" content=\"index, follow, max-snippet:-1, max-image-preview:large, max-video-preview:-1\" \/>\n<link rel=\"canonical\" href=\"https:\/\/hydro-parts.pl\/en\/produkt\/pump-omfb-10800502817\/\" \/>\n<meta property=\"og:locale\" content=\"en_US\" \/>\n<meta property=\"og:type\" content=\"article\" \/>\n<meta property=\"og:title\" content=\"Pump OMFB 10800502817 - HYDRO-PARTS.PL\" \/>\n<meta property=\"og:description\" content=\"Piston pump OMFB 10800502817, series DARK SERIES, type DARK-28, displacement 27cm3\/rev, max pressure 350 bar, two-way direction, weight 13.8kg.\" \/>\n<meta property=\"og:url\" content=\"https:\/\/hydro-parts.pl\/en\/produkt\/pump-omfb-10800502817\/\" \/>\n<meta property=\"og:site_name\" content=\"HYDRO-PARTS.PL - Pompy i silniki hydrauliczne Rexroth, Uchida, Komatsu, Poclain, Tokyo Keiki i inne.\" \/>\n<meta property=\"article:modified_time\" content=\"2025-10-31T07:29:57+00:00\" \/>\n<meta property=\"og:image\" content=\"https:\/\/hydro-parts.pl\/wp-content\/uploads\/2023\/12\/dark_3uni.jpg\" \/>\n\t<meta property=\"og:image:width\" content=\"600\" \/>\n\t<meta property=\"og:image:height\" content=\"440\" \/>\n\t<meta property=\"og:image:type\" content=\"image\/jpeg\" \/>\n<meta name=\"twitter:card\" content=\"summary_large_image\" \/>\n<script type=\"application\/ld+json\" class=\"yoast-schema-graph\">{\"@context\":\"https:\/\/schema.org\",\"@graph\":[{\"@type\":\"WebPage\",\"@id\":\"https:\/\/hydro-parts.pl\/en\/produkt\/pump-omfb-10800502817\/\",\"url\":\"https:\/\/hydro-parts.pl\/en\/produkt\/pump-omfb-10800502817\/\",\"name\":\"Pump OMFB 10800502817 - HYDRO-PARTS.PL\",\"isPartOf\":{\"@id\":\"https:\/\/hydro-parts.pl\/#website\"},\"datePublished\":\"2025-10-31T07:29:43+00:00\",\"dateModified\":\"2025-10-31T07:29:57+00:00\",\"description\":\"Piston pump OMFB 10800502817, series DARK SERIES, type DARK-28, displacement 27cm3\/rev, max pressure 350 bar, two-way direction, weight 13.8kg.\",\"breadcrumb\":{\"@id\":\"https:\/\/hydro-parts.pl\/en\/produkt\/pump-omfb-10800502817\/#breadcrumb\"},\"inLanguage\":\"en-US\",\"potentialAction\":[{\"@type\":\"ReadAction\",\"target\":[\"https:\/\/hydro-parts.pl\/en\/produkt\/pump-omfb-10800502817\/\"]}]},{\"@type\":\"BreadcrumbList\",\"@id\":\"https:\/\/hydro-parts.pl\/en\/produkt\/pump-omfb-10800502817\/#breadcrumb\",\"itemListElement\":[{\"@type\":\"ListItem\",\"position\":1,\"name\":\"Strona g\u0142\u00f3wna\",\"item\":\"https:\/\/hydro-parts.pl\/en\/\"},{\"@type\":\"ListItem\",\"position\":2,\"name\":\"Shop\",\"item\":\"https:\/\/hydro-parts.pl\/en\/shop\/\"},{\"@type\":\"ListItem\",\"position\":3,\"name\":\"Piston pump OMFB 10800502817\"}]},{\"@type\":\"WebSite\",\"@id\":\"https:\/\/hydro-parts.pl\/#website\",\"url\":\"https:\/\/hydro-parts.pl\/\",\"name\":\"HYDRO-PARTS.PL - Pompy i silniki hydrauliczne Rexroth, Uchida, Komatsu, Poclain, Tokyo Keiki i inne.\",\"description\":\"Dostarczamy pompy i silniki hydrauliczne do wi\u0119kszo\u015bci producent\u00f3w na \u015bwiecie.\",\"potentialAction\":[{\"@type\":\"SearchAction\",\"target\":{\"@type\":\"EntryPoint\",\"urlTemplate\":\"https:\/\/hydro-parts.pl\/?s={search_term_string}\"},\"query-input\":\"required name=search_term_string\"}],\"inLanguage\":\"en-US\"}]}<\/script>\n<!-- \/ Yoast SEO plugin. -->","yoast_head_json":{"title":"Pump OMFB 10800502817 - HYDRO-PARTS.PL","description":"Piston pump OMFB 10800502817, series DARK SERIES, type DARK-28, displacement 27cm3\/rev, max pressure 350 bar, two-way direction, weight 13.8kg.","robots":{"index":"index","follow":"follow","max-snippet":"max-snippet:-1","max-image-preview":"max-image-preview:large","max-video-preview":"max-video-preview:-1"},"canonical":"https:\/\/hydro-parts.pl\/en\/produkt\/pump-omfb-10800502817\/","og_locale":"en_US","og_type":"article","og_title":"Pump OMFB 10800502817 - HYDRO-PARTS.PL","og_description":"Piston pump OMFB 10800502817, series DARK SERIES, type DARK-28, displacement 27cm3\/rev, max pressure 350 bar, two-way direction, weight 13.8kg.","og_url":"https:\/\/hydro-parts.pl\/en\/produkt\/pump-omfb-10800502817\/","og_site_name":"HYDRO-PARTS.PL - Pompy i silniki hydrauliczne Rexroth, Uchida, Komatsu, Poclain, Tokyo Keiki i inne.","article_modified_time":"2025-10-31T07:29:57+00:00","og_image":[{"width":600,"height":440,"url":"https:\/\/hydro-parts.pl\/wp-content\/uploads\/2023\/12\/dark_3uni.jpg","type":"image\/jpeg"}],"twitter_card":"summary_large_image","schema":{"@context":"https:\/\/schema.org","@graph":[{"@type":"WebPage","@id":"https:\/\/hydro-parts.pl\/en\/produkt\/pump-omfb-10800502817\/","url":"https:\/\/hydro-parts.pl\/en\/produkt\/pump-omfb-10800502817\/","name":"Pump OMFB 10800502817 - HYDRO-PARTS.PL","isPartOf":{"@id":"https:\/\/hydro-parts.pl\/#website"},"datePublished":"2025-10-31T07:29:43+00:00","dateModified":"2025-10-31T07:29:57+00:00","description":"Piston pump OMFB 10800502817, series DARK SERIES, type DARK-28, displacement 27cm3\/rev, max pressure 350 bar, two-way direction, weight 13.8kg.","breadcrumb":{"@id":"https:\/\/hydro-parts.pl\/en\/produkt\/pump-omfb-10800502817\/#breadcrumb"},"inLanguage":"en-US","potentialAction":[{"@type":"ReadAction","target":["https:\/\/hydro-parts.pl\/en\/produkt\/pump-omfb-10800502817\/"]}]},{"@type":"BreadcrumbList","@id":"https:\/\/hydro-parts.pl\/en\/produkt\/pump-omfb-10800502817\/#breadcrumb","itemListElement":[{"@type":"ListItem","position":1,"name":"Strona g\u0142\u00f3wna","item":"https:\/\/hydro-parts.pl\/en\/"},{"@type":"ListItem","position":2,"name":"Shop","item":"https:\/\/hydro-parts.pl\/en\/shop\/"},{"@type":"ListItem","position":3,"name":"Piston pump OMFB 10800502817"}]},{"@type":"WebSite","@id":"https:\/\/hydro-parts.pl\/#website","url":"https:\/\/hydro-parts.pl\/","name":"HYDRO-PARTS.PL - Pompy i silniki hydrauliczne Rexroth, Uchida, Komatsu, Poclain, Tokyo Keiki i inne.","description":"Dostarczamy pompy i silniki hydrauliczne do wi\u0119kszo\u015bci producent\u00f3w na \u015bwiecie.","potentialAction":[{"@type":"SearchAction","target":{"@type":"EntryPoint","urlTemplate":"https:\/\/hydro-parts.pl\/?s={search_term_string}"},"query-input":"required name=search_term_string"}],"inLanguage":"en-US"}]}},"_links":{"self":[{"href":"https:\/\/hydro-parts.pl\/en\/wp-json\/wp\/v2\/product\/17176"}],"collection":[{"href":"https:\/\/hydro-parts.pl\/en\/wp-json\/wp\/v2\/product"}],"about":[{"href":"https:\/\/hydro-parts.pl\/en\/wp-json\/wp\/v2\/types\/product"}],"wp:featuredmedia":[{"embeddable":true,"href":"https:\/\/hydro-parts.pl\/en\/wp-json\/wp\/v2\/media\/11982"}],"wp:attachment":[{"href":"https:\/\/hydro-parts.pl\/en\/wp-json\/wp\/v2\/media?parent=17176"}],"wp:term":[{"taxonomy":"product_cat","embeddable":true,"href":"https:\/\/hydro-parts.pl\/en\/wp-json\/wp\/v2\/product_cat?post=17176"},{"taxonomy":"product_tag","embeddable":true,"href":"https:\/\/hydro-parts.pl\/en\/wp-json\/wp\/v2\/product_tag?post=17176"}],"curies":[{"name":"wp","href":"https:\/\/api.w.org\/{rel}","templated":true}]}}