{"id":17096,"date":"2024-01-23T10:53:11","date_gmt":"2025-10-23T12:53:06","guid":{"rendered":"https:\/\/hydro-parts.pl\/produkt\/pompa-vickers-seria-v\/"},"modified":"2025-10-23T14:54:03","modified_gmt":"2025-10-23T12:54:03","slug":"pump-vickers-series-v","status":"publish","type":"product","link":"https:\/\/hydro-parts.pl\/en\/produkt\/pump-vickers-series-v\/","title":{"rendered":"Pump Vickers Series V"},"content":{"rendered":"<p>We offer spare parts for Vickers Series V vane pump.<\/p>\n","protected":false},"excerpt":{"rendered":"<p>We offer spare parts for Vickers Series V vane pump.<\/p>\n","protected":false},"featured_media":12391,"template":"","meta":[],"product_cat":[19520,19522,19860],"product_tag":[20333,20334,20335,20336,20337,20338,20339,20340,20341,20342,20343,20344,20345,20346,20347,20348,20349,20350,20351,20352,20353,20354,20355,20356,20357,20358,20359,20360,20361,20362,20363,20364,20365,20366,20367,20368,20369,20370,20371,20372,20373,20374,20375,20376,20377,20378,20379,20380,20381,20382,20383,20384,20385,20386,20387,20388,20389,20390,20391,20392,20393,20394,20395,20396,20397,20398,20399,20400,20401,20402,20403,20404,20405,20406,20407,20408,20409,20410,20411,20412,20413,20414,20415,20416,20417,20418,20419,20420,20421,20422,20423,20424,20425,20426,20427,20428,20429,20430,20431,20432,20433,20434,20435,20436,20437,20438,20439,20440,20441,20442,20443,20444,20445,20446,20447,20448,20449,20450,20451,20452,20453,20454,20455,20456,20457,20458,20459,20460,20461,20462,20463,20464,20465,20466,20467,20468,20469,20470,20471,20472,20473,20474,20475,20476,20477,20478,20479,20480,20481,20482,20483,20484,20485,20486,20487,20488,20489,20490,20491,20492,20493,20494,20495,20496,20497,20498,20499,20500,20501,20502,20503,20504,20505,20506,20507,20508,20509,20510,20511,20512,20513,20514,20515,20516,20517,20518,20519,20520,20521,20522,20523,20524,20525],"acf":[],"yoast_head":"<!-- This site is optimized with the Yoast SEO plugin v21.9.1 - https:\/\/yoast.com\/wordpress\/plugins\/seo\/ -->\n<title>Pump Vickers Series V - spare parts and repair<\/title>\n<meta name=\"robots\" content=\"index, follow, max-snippet:-1, max-image-preview:large, max-video-preview:-1\" \/>\n<link rel=\"canonical\" href=\"https:\/\/hydro-parts.pl\/produkt\/pompa-vickers-seria-v\/\" \/>\n<meta property=\"og:locale\" content=\"en_US\" \/>\n<meta property=\"og:type\" content=\"article\" \/>\n<meta property=\"og:title\" content=\"Pump Vickers Series V - spare parts and repair\" \/>\n<meta property=\"og:description\" content=\"We offer spare parts for Vickers Series V vane pump.\" \/>\n<meta property=\"og:url\" content=\"https:\/\/hydro-parts.pl\/produkt\/pompa-vickers-seria-v\/\" \/>\n<meta property=\"og:site_name\" content=\"HYDRO-PARTS.PL - Pompy i silniki hydrauliczne Rexroth, Uchida, Komatsu, Poclain, Tokyo Keiki i inne.\" \/>\n<meta property=\"article:modified_time\" content=\"2025-10-23T12:54:03+00:00\" \/>\n<meta property=\"og:image\" content=\"https:\/\/hydro-parts.pl\/wp-content\/uploads\/2024\/01\/vickers_vane_pump.jpg\" \/>\n\t<meta property=\"og:image:width\" content=\"600\" \/>\n\t<meta property=\"og:image:height\" content=\"440\" \/>\n\t<meta property=\"og:image:type\" content=\"image\/jpeg\" \/>\n<meta name=\"twitter:card\" content=\"summary_large_image\" \/>\n<script type=\"application\/ld+json\" class=\"yoast-schema-graph\">{\"@context\":\"https:\/\/schema.org\",\"@graph\":[{\"@type\":\"WebPage\",\"@id\":\"https:\/\/hydro-parts.pl\/produkt\/pompa-vickers-seria-v\/\",\"url\":\"https:\/\/hydro-parts.pl\/produkt\/pompa-vickers-seria-v\/\",\"name\":\"Pump Vickers Series V - spare parts and repair\",\"isPartOf\":{\"@id\":\"https:\/\/hydro-parts.pl\/#website\"},\"datePublished\":\"2025-10-23T12:53:06+00:00\",\"dateModified\":\"2025-10-23T12:54:03+00:00\",\"breadcrumb\":{\"@id\":\"https:\/\/hydro-parts.pl\/produkt\/pompa-vickers-seria-v\/#breadcrumb\"},\"inLanguage\":\"en-US\",\"potentialAction\":[{\"@type\":\"ReadAction\",\"target\":[\"https:\/\/hydro-parts.pl\/produkt\/pompa-vickers-seria-v\/\"]}]},{\"@type\":\"BreadcrumbList\",\"@id\":\"https:\/\/hydro-parts.pl\/produkt\/pompa-vickers-seria-v\/#breadcrumb\",\"itemListElement\":[{\"@type\":\"ListItem\",\"position\":1,\"name\":\"Strona g\u0142\u00f3wna\",\"item\":\"https:\/\/hydro-parts.pl\/en\/\"},{\"@type\":\"ListItem\",\"position\":2,\"name\":\"Shop\",\"item\":\"https:\/\/hydro-parts.pl\/en\/shop\/\"},{\"@type\":\"ListItem\",\"position\":3,\"name\":\"Pump Vickers Series V\"}]},{\"@type\":\"WebSite\",\"@id\":\"https:\/\/hydro-parts.pl\/#website\",\"url\":\"https:\/\/hydro-parts.pl\/\",\"name\":\"HYDRO-PARTS.PL - Pompy i silniki hydrauliczne Rexroth, Uchida, Komatsu, Poclain, Tokyo Keiki i inne.\",\"description\":\"Dostarczamy pompy i silniki hydrauliczne do wi\u0119kszo\u015bci producent\u00f3w na \u015bwiecie.\",\"potentialAction\":[{\"@type\":\"SearchAction\",\"target\":{\"@type\":\"EntryPoint\",\"urlTemplate\":\"https:\/\/hydro-parts.pl\/?s={search_term_string}\"},\"query-input\":\"required name=search_term_string\"}],\"inLanguage\":\"en-US\"}]}<\/script>\n<!-- \/ Yoast SEO plugin. -->","yoast_head_json":{"title":"Pump Vickers Series V - spare parts and repair","robots":{"index":"index","follow":"follow","max-snippet":"max-snippet:-1","max-image-preview":"max-image-preview:large","max-video-preview":"max-video-preview:-1"},"canonical":"https:\/\/hydro-parts.pl\/produkt\/pompa-vickers-seria-v\/","og_locale":"en_US","og_type":"article","og_title":"Pump Vickers Series V - spare parts and repair","og_description":"We offer spare parts for Vickers Series V vane pump.","og_url":"https:\/\/hydro-parts.pl\/produkt\/pompa-vickers-seria-v\/","og_site_name":"HYDRO-PARTS.PL - Pompy i silniki hydrauliczne Rexroth, Uchida, Komatsu, Poclain, Tokyo Keiki i inne.","article_modified_time":"2025-10-23T12:54:03+00:00","og_image":[{"width":600,"height":440,"url":"https:\/\/hydro-parts.pl\/wp-content\/uploads\/2024\/01\/vickers_vane_pump.jpg","type":"image\/jpeg"}],"twitter_card":"summary_large_image","schema":{"@context":"https:\/\/schema.org","@graph":[{"@type":"WebPage","@id":"https:\/\/hydro-parts.pl\/produkt\/pompa-vickers-seria-v\/","url":"https:\/\/hydro-parts.pl\/produkt\/pompa-vickers-seria-v\/","name":"Pump Vickers Series V - spare parts and repair","isPartOf":{"@id":"https:\/\/hydro-parts.pl\/#website"},"datePublished":"2025-10-23T12:53:06+00:00","dateModified":"2025-10-23T12:54:03+00:00","breadcrumb":{"@id":"https:\/\/hydro-parts.pl\/produkt\/pompa-vickers-seria-v\/#breadcrumb"},"inLanguage":"en-US","potentialAction":[{"@type":"ReadAction","target":["https:\/\/hydro-parts.pl\/produkt\/pompa-vickers-seria-v\/"]}]},{"@type":"BreadcrumbList","@id":"https:\/\/hydro-parts.pl\/produkt\/pompa-vickers-seria-v\/#breadcrumb","itemListElement":[{"@type":"ListItem","position":1,"name":"Strona g\u0142\u00f3wna","item":"https:\/\/hydro-parts.pl\/en\/"},{"@type":"ListItem","position":2,"name":"Shop","item":"https:\/\/hydro-parts.pl\/en\/shop\/"},{"@type":"ListItem","position":3,"name":"Pump Vickers Series V"}]},{"@type":"WebSite","@id":"https:\/\/hydro-parts.pl\/#website","url":"https:\/\/hydro-parts.pl\/","name":"HYDRO-PARTS.PL - Pompy i silniki hydrauliczne Rexroth, Uchida, Komatsu, Poclain, Tokyo Keiki i inne.","description":"Dostarczamy pompy i silniki hydrauliczne do wi\u0119kszo\u015bci producent\u00f3w na \u015bwiecie.","potentialAction":[{"@type":"SearchAction","target":{"@type":"EntryPoint","urlTemplate":"https:\/\/hydro-parts.pl\/?s={search_term_string}"},"query-input":"required name=search_term_string"}],"inLanguage":"en-US"}]}},"_links":{"self":[{"href":"https:\/\/hydro-parts.pl\/en\/wp-json\/wp\/v2\/product\/17096"}],"collection":[{"href":"https:\/\/hydro-parts.pl\/en\/wp-json\/wp\/v2\/product"}],"about":[{"href":"https:\/\/hydro-parts.pl\/en\/wp-json\/wp\/v2\/types\/product"}],"wp:featuredmedia":[{"embeddable":true,"href":"https:\/\/hydro-parts.pl\/en\/wp-json\/wp\/v2\/media\/12391"}],"wp:attachment":[{"href":"https:\/\/hydro-parts.pl\/en\/wp-json\/wp\/v2\/media?parent=17096"}],"wp:term":[{"taxonomy":"product_cat","embeddable":true,"href":"https:\/\/hydro-parts.pl\/en\/wp-json\/wp\/v2\/product_cat?post=17096"},{"taxonomy":"product_tag","embeddable":true,"href":"https:\/\/hydro-parts.pl\/en\/wp-json\/wp\/v2\/product_tag?post=17096"}],"curies":[{"name":"wp","href":"https:\/\/api.w.org\/{rel}","templated":true}]}}