{"id":16929,"date":"2023-02-15T12:58:29","date_gmt":"2025-10-31T07:22:27","guid":{"rendered":"https:\/\/hydro-parts.pl\/produkt\/pump-brueninghaus-hydromatik-seria-a11vlo\/"},"modified":"2025-10-31T08:39:59","modified_gmt":"2025-10-31T07:39:59","slug":"pump-brueninghaus-hydromatik-series-a11vlo","status":"publish","type":"product","link":"https:\/\/hydro-parts.pl\/en\/produkt\/pump-brueninghaus-hydromatik-series-a11vlo\/","title":{"rendered":"Piston pump Brueninghaus Hydromatik Series A11VLO"},"content":{"rendered":"<p>Piston pump Brueninghaus Hydromatik series A11VLO. Spare parts models A11VLO130, A11VLO145, A11VLO175, A11VLO190, A11VLO210, A11VLO260, A11VLO280.<\/p>\n","protected":false},"excerpt":{"rendered":"<p><strong>Brueninghaus Hydromatik A11VLO Series Axial Piston Pump<\/strong><\/p>\n<p>Features<\/p>\n<p>\u0096 Variable displacement pump, designed as an axial piston drive with swash plates, for open-circuit hydrostatic drives.<br \/>\n\u0096 Designed primarily for use in mobile working machines.<br \/>\n\u0096 The pump operates in self-priming mode, as well as in tank or feed pump mode.<br \/>\n\u0096 Extensive range of adjustment devices for a wide variety of control and regulation functions.<br \/>\n\u0096 Power can be adjusted externally, even while the machine is running.<br \/>\n\u0096 A through-drive up to the same nominal size, i.e., 100%, can be retrofitted to gear or axial piston pumps.<\/p>\n","protected":false},"featured_media":3510,"template":"","meta":[],"product_cat":[19520,19521,19527],"product_tag":[],"acf":[],"yoast_head":"<!-- This site is optimized with the Yoast SEO plugin v21.9.1 - https:\/\/yoast.com\/wordpress\/plugins\/seo\/ -->\n<title>Piston pump Brueninghaus Hydromatik Series A11VLO - spare parts and repair<\/title>\n<meta name=\"description\" content=\"Piston pump Brueninghaus Hydromatik series A11VLO. Spare parts models A11VLO130, A11VLO145, A11VLO175, A11VLO190, A11VLO210, A11VLO260, A11VLO280.\" \/>\n<meta name=\"robots\" content=\"index, follow, max-snippet:-1, max-image-preview:large, max-video-preview:-1\" \/>\n<link rel=\"canonical\" href=\"https:\/\/hydro-parts.pl\/en\/produkt\/pump-brueninghaus-hydromatik-series-a11vlo\/\" \/>\n<meta property=\"og:locale\" content=\"en_US\" \/>\n<meta property=\"og:type\" content=\"article\" \/>\n<meta property=\"og:title\" content=\"Piston pump Brueninghaus Hydromatik Series A11VLO - spare parts and repair\" \/>\n<meta property=\"og:description\" content=\"Piston pump Brueninghaus Hydromatik series A11VLO. Spare parts models A11VLO130, A11VLO145, A11VLO175, A11VLO190, A11VLO210, A11VLO260, A11VLO280.\" \/>\n<meta property=\"og:url\" content=\"https:\/\/hydro-parts.pl\/en\/produkt\/pump-brueninghaus-hydromatik-series-a11vlo\/\" \/>\n<meta property=\"og:site_name\" content=\"HYDRO-PARTS.PL - Pompy i silniki hydrauliczne Rexroth, Uchida, Komatsu, Poclain, Tokyo Keiki i inne.\" \/>\n<meta property=\"article:modified_time\" content=\"2025-10-31T07:39:59+00:00\" \/>\n<meta property=\"og:image\" content=\"https:\/\/hydro-parts.pl\/wp-content\/uploads\/2023\/02\/A11VSO.jpg\" \/>\n\t<meta property=\"og:image:width\" content=\"600\" \/>\n\t<meta property=\"og:image:height\" content=\"440\" \/>\n\t<meta property=\"og:image:type\" content=\"image\/jpeg\" \/>\n<meta name=\"twitter:card\" content=\"summary_large_image\" \/>\n<meta name=\"twitter:label1\" content=\"Est. reading time\" \/>\n\t<meta name=\"twitter:data1\" content=\"1 minute\" \/>\n<script type=\"application\/ld+json\" class=\"yoast-schema-graph\">{\"@context\":\"https:\/\/schema.org\",\"@graph\":[{\"@type\":\"WebPage\",\"@id\":\"https:\/\/hydro-parts.pl\/en\/produkt\/pump-brueninghaus-hydromatik-series-a11vlo\/\",\"url\":\"https:\/\/hydro-parts.pl\/en\/produkt\/pump-brueninghaus-hydromatik-series-a11vlo\/\",\"name\":\"Piston pump Brueninghaus Hydromatik Series A11VLO - spare parts and repair\",\"isPartOf\":{\"@id\":\"https:\/\/hydro-parts.pl\/#website\"},\"datePublished\":\"2025-10-31T07:22:27+00:00\",\"dateModified\":\"2025-10-31T07:39:59+00:00\",\"description\":\"Piston pump Brueninghaus Hydromatik series A11VLO. Spare parts models A11VLO130, A11VLO145, A11VLO175, A11VLO190, A11VLO210, A11VLO260, A11VLO280.\",\"breadcrumb\":{\"@id\":\"https:\/\/hydro-parts.pl\/en\/produkt\/pump-brueninghaus-hydromatik-series-a11vlo\/#breadcrumb\"},\"inLanguage\":\"en-US\",\"potentialAction\":[{\"@type\":\"ReadAction\",\"target\":[\"https:\/\/hydro-parts.pl\/en\/produkt\/pump-brueninghaus-hydromatik-series-a11vlo\/\"]}]},{\"@type\":\"BreadcrumbList\",\"@id\":\"https:\/\/hydro-parts.pl\/en\/produkt\/pump-brueninghaus-hydromatik-series-a11vlo\/#breadcrumb\",\"itemListElement\":[{\"@type\":\"ListItem\",\"position\":1,\"name\":\"Strona g\u0142\u00f3wna\",\"item\":\"https:\/\/hydro-parts.pl\/en\/\"},{\"@type\":\"ListItem\",\"position\":2,\"name\":\"Shop\",\"item\":\"https:\/\/hydro-parts.pl\/en\/shop\/\"},{\"@type\":\"ListItem\",\"position\":3,\"name\":\"Piston pump Brueninghaus Hydromatik Series A11VLO\"}]},{\"@type\":\"WebSite\",\"@id\":\"https:\/\/hydro-parts.pl\/#website\",\"url\":\"https:\/\/hydro-parts.pl\/\",\"name\":\"HYDRO-PARTS.PL - Pompy i silniki hydrauliczne Rexroth, Uchida, Komatsu, Poclain, Tokyo Keiki i inne.\",\"description\":\"Dostarczamy pompy i silniki hydrauliczne do wi\u0119kszo\u015bci producent\u00f3w na \u015bwiecie.\",\"potentialAction\":[{\"@type\":\"SearchAction\",\"target\":{\"@type\":\"EntryPoint\",\"urlTemplate\":\"https:\/\/hydro-parts.pl\/?s={search_term_string}\"},\"query-input\":\"required name=search_term_string\"}],\"inLanguage\":\"en-US\"}]}<\/script>\n<!-- \/ Yoast SEO plugin. -->","yoast_head_json":{"title":"Piston pump Brueninghaus Hydromatik Series A11VLO - spare parts and repair","description":"Piston pump Brueninghaus Hydromatik series A11VLO. Spare parts models A11VLO130, A11VLO145, A11VLO175, A11VLO190, A11VLO210, A11VLO260, A11VLO280.","robots":{"index":"index","follow":"follow","max-snippet":"max-snippet:-1","max-image-preview":"max-image-preview:large","max-video-preview":"max-video-preview:-1"},"canonical":"https:\/\/hydro-parts.pl\/en\/produkt\/pump-brueninghaus-hydromatik-series-a11vlo\/","og_locale":"en_US","og_type":"article","og_title":"Piston pump Brueninghaus Hydromatik Series A11VLO - spare parts and repair","og_description":"Piston pump Brueninghaus Hydromatik series A11VLO. Spare parts models A11VLO130, A11VLO145, A11VLO175, A11VLO190, A11VLO210, A11VLO260, A11VLO280.","og_url":"https:\/\/hydro-parts.pl\/en\/produkt\/pump-brueninghaus-hydromatik-series-a11vlo\/","og_site_name":"HYDRO-PARTS.PL - Pompy i silniki hydrauliczne Rexroth, Uchida, Komatsu, Poclain, Tokyo Keiki i inne.","article_modified_time":"2025-10-31T07:39:59+00:00","og_image":[{"width":600,"height":440,"url":"https:\/\/hydro-parts.pl\/wp-content\/uploads\/2023\/02\/A11VSO.jpg","type":"image\/jpeg"}],"twitter_card":"summary_large_image","twitter_misc":{"Est. reading time":"1 minute"},"schema":{"@context":"https:\/\/schema.org","@graph":[{"@type":"WebPage","@id":"https:\/\/hydro-parts.pl\/en\/produkt\/pump-brueninghaus-hydromatik-series-a11vlo\/","url":"https:\/\/hydro-parts.pl\/en\/produkt\/pump-brueninghaus-hydromatik-series-a11vlo\/","name":"Piston pump Brueninghaus Hydromatik Series A11VLO - spare parts and repair","isPartOf":{"@id":"https:\/\/hydro-parts.pl\/#website"},"datePublished":"2025-10-31T07:22:27+00:00","dateModified":"2025-10-31T07:39:59+00:00","description":"Piston pump Brueninghaus Hydromatik series A11VLO. Spare parts models A11VLO130, A11VLO145, A11VLO175, A11VLO190, A11VLO210, A11VLO260, A11VLO280.","breadcrumb":{"@id":"https:\/\/hydro-parts.pl\/en\/produkt\/pump-brueninghaus-hydromatik-series-a11vlo\/#breadcrumb"},"inLanguage":"en-US","potentialAction":[{"@type":"ReadAction","target":["https:\/\/hydro-parts.pl\/en\/produkt\/pump-brueninghaus-hydromatik-series-a11vlo\/"]}]},{"@type":"BreadcrumbList","@id":"https:\/\/hydro-parts.pl\/en\/produkt\/pump-brueninghaus-hydromatik-series-a11vlo\/#breadcrumb","itemListElement":[{"@type":"ListItem","position":1,"name":"Strona g\u0142\u00f3wna","item":"https:\/\/hydro-parts.pl\/en\/"},{"@type":"ListItem","position":2,"name":"Shop","item":"https:\/\/hydro-parts.pl\/en\/shop\/"},{"@type":"ListItem","position":3,"name":"Piston pump Brueninghaus Hydromatik Series A11VLO"}]},{"@type":"WebSite","@id":"https:\/\/hydro-parts.pl\/#website","url":"https:\/\/hydro-parts.pl\/","name":"HYDRO-PARTS.PL - Pompy i silniki hydrauliczne Rexroth, Uchida, Komatsu, Poclain, Tokyo Keiki i inne.","description":"Dostarczamy pompy i silniki hydrauliczne do wi\u0119kszo\u015bci producent\u00f3w na \u015bwiecie.","potentialAction":[{"@type":"SearchAction","target":{"@type":"EntryPoint","urlTemplate":"https:\/\/hydro-parts.pl\/?s={search_term_string}"},"query-input":"required name=search_term_string"}],"inLanguage":"en-US"}]}},"_links":{"self":[{"href":"https:\/\/hydro-parts.pl\/en\/wp-json\/wp\/v2\/product\/16929"}],"collection":[{"href":"https:\/\/hydro-parts.pl\/en\/wp-json\/wp\/v2\/product"}],"about":[{"href":"https:\/\/hydro-parts.pl\/en\/wp-json\/wp\/v2\/types\/product"}],"wp:featuredmedia":[{"embeddable":true,"href":"https:\/\/hydro-parts.pl\/en\/wp-json\/wp\/v2\/media\/3510"}],"wp:attachment":[{"href":"https:\/\/hydro-parts.pl\/en\/wp-json\/wp\/v2\/media?parent=16929"}],"wp:term":[{"taxonomy":"product_cat","embeddable":true,"href":"https:\/\/hydro-parts.pl\/en\/wp-json\/wp\/v2\/product_cat?post=16929"},{"taxonomy":"product_tag","embeddable":true,"href":"https:\/\/hydro-parts.pl\/en\/wp-json\/wp\/v2\/product_tag?post=16929"}],"curies":[{"name":"wp","href":"https:\/\/api.w.org\/{rel}","templated":true}]}}